{"id":110,"date":"2025-02-14T14:02:14","date_gmt":"2025-02-14T14:02:14","guid":{"rendered":"https:\/\/www.michaelfischer.consulting\/?page_id=110"},"modified":"2026-03-31T14:07:17","modified_gmt":"2026-03-31T14:07:17","slug":"publikationen","status":"publish","type":"page","link":"https:\/\/www.regionalgovernance.consulting\/?page_id=110","title":{"rendered":"Publikationen"},"content":{"rendered":"\n<ul class=\"wp-block-list\">\n<li>Gruber, M., Fischer, M., Maier, A., Melidis, K. (2026): Regional Innovation Systems and Transformative Innovation Policy: An Embedded Approach. In: Schrenk, M, Beyer C., Popovich, T., Ryser, J., Mawlood, D (eds.): PROCEEDINGS of the 31st International Conference on Urban Planning, Regional Development and Information Society ISSN 2521-3938<\/li>\n\n\n\n<li>Berger, W.  Fischer M. (2025): Eine Erg\u00e4nzung im Demokratie-Portfolio: LEADER als Instrument f\u00fcr Deliberation und Partizipation zur b\u00fcrgernahen Erg\u00e4nzung der repr\u00e4sentativen Demokratie. In: Weiterbildung | Zeitschrift f\u00fcr Grundlagen, Praxis und Trends, Ausgabe 6\/2025. ISSN 1861-0501 | G 21100<\/li>\n\n\n\n<li>Purker, L. Worster, C.,  Fischer M., Hiess, H., Posch-Mellnauer, H (2025): Bodenschutz regional gedacht. Von der Theorie zur Praxis: Ideen und L\u00f6sungen f\u00fcr regionalen quantitativen Bodenschutz. Hrsg:  Bundesministerium f\u00fcr Land- und Forstwirtschaft, Klima- und Umweltschutz, Regionen und Wasserwirtschaft. <a href=\"https:\/\/www.bmluk.gv.at\/dam\/jcr:3fe7b706-196d-4262-81af-23811876e095\/20250825_Bodenschutz%20regional%20gedacht_Langfassung_final.pdf\">ONLINE<\/a><\/li>\n\n\n\n<li>Gruber, E. , Ebenstreit, D. , Fischer, M., Gr\u00f6sswang, F., Heintel M., Payer, H. (2024): Collaborative Governance across sectors: regional development and tourism as complementary policy fields? In: EUROPA XXI Vol. 47 <a href=\"https:\/\/doi.org\/10.7163\/Eu21.2024.47.4\">https:\/\/doi.org\/10.7163\/Eu21.2024.47.4<\/a><\/li>\n\n\n\n<li>Fischer, M., Gr\u00f6sswang, F., Gruber, E., Heintel, M., Payer, H., Stolba, P. (2023): Regional Governance als Schl\u00fcssel f\u00fcr kooperative Lebensraumentwicklung am Beispiel des Tourismus. In: Bieger, T., Beritelli, P. und Laesser C. (Hrsg.): Alpiner Tourismus in disruptiven Zeiten; Schweizer Jahrbuch f\u00fcr Tourismus 2022\/2023. S. 179-188. Berlin: Erich Schmidt Verlag [ISBN 978-3-503-21229-3].<\/li>\n\n\n\n<li>Fischer, M., &amp; Heintel, M. (2022). Framing und Reframing in einer kooperativen Stadt- und Regionalentwicklung. In: Kooperative Stadt- und Regionalentwicklung \/ Yvonne Franz, Martin Heintel (Hg.), Wien : facultas ; [2022], Seite 201-. &#8211; ISBN 9783825258801<\/li>\n\n\n\n<li>Fischer, M., Hiess, H., Pfefferkorn, W., Reiner, K. (2020): Die regionale Handlungsebene st\u00e4rken: Status, Impulse &amp; Perspektiven. \u00d6ROK Schriftenreihe Nr. 208. Wien. <a href=\"https:\/\/www.oerok.gv.at\/fileadmin\/user_upload\/O__ROK_SR_NR._208__2020__Reg_HE_online-Version.pdf\">ONLINE <\/a><\/li>\n\n\n\n<li>Dax, T., Fischer, M., Oedl-Wieser T. (2018): Bev\u00f6lkerungsr\u00fcckgang in l\u00e4ndlichen Regionen \u00d6sterreichs: Lebensphasen- und geschlechterspezifische Wanderungsbewegungen vor dem Hintergrund von Motiven und Lebensqualit\u00e4t (Population decline in rural areas of Austria: life course-and gender-specific migration and the relevance of motives and life quality). In: Austrian Journal of Agricultural Economics and Rural Studies, Vol. 27.1 <a href=\"https:\/\/oega.boku.ac.at\/wp-content\/uploads\/2025\/01\/17_Oedl-Wieser_4c_new.pdf\">DOI 10.15203\/OEGA_27.19, ISSN 1815-8129 I E-ISSN 1815-1027<\/a><\/li>\n\n\n\n<li>Dax, T &amp; Fischer, M. (2017): An alternative policy approach to rural development in regions facing population decline, European Planning Studies, <a href=\"https:\/\/www.tandfonline.com\/doi\/full\/10.1080\/09654313.2017.1361596\">DOI:10.1080\/09654313.2017.1361596<\/a><\/li>\n\n\n\n<li>Dax, T., Fischer, M., Oedl-Wieser T. (2017): A new approach for participative rural development in Georgia \u2013reflecting transfer of knowledge and enhancing innovation in a non-European Union context. In: <a href=\"https:\/\/ideas.repec.org\/a\/ags\/stagec\/257875.html\">Studies in Agricultural Economics 119 (2017)<\/a><\/li>\n\n\n\n<li>Fischer, M., Lukesch, R. (2014): Beziehungsarbeit ist die eigentliche LEADER-Arbeit. In: L\u00e4ndlicher Raum -Ausgabe 02\/2014 1 Online-Fachzeitschrift des Bundesministeriums f\u00fcr Land-und Forstwirtschaft, Umwelt und Wasserwirtschaft<\/li>\n<\/ul>\n\n\n\n<p><\/p>\n","protected":false},"excerpt":{"rendered":"","protected":false},"author":1,"featured_media":0,"parent":0,"menu_order":0,"comment_status":"closed","ping_status":"closed","template":"page-publikationen-template","meta":{"saved_in_kubio":true,"footnotes":""},"class_list":["post-110","page","type-page","status-publish","hentry"],"kubio_ai_page_context":{"short_desc":"","purpose":"general"},"_links":{"self":[{"href":"https:\/\/www.regionalgovernance.consulting\/index.php?rest_route=\/wp\/v2\/pages\/110","targetHints":{"allow":["GET"]}}],"collection":[{"href":"https:\/\/www.regionalgovernance.consulting\/index.php?rest_route=\/wp\/v2\/pages"}],"about":[{"href":"https:\/\/www.regionalgovernance.consulting\/index.php?rest_route=\/wp\/v2\/types\/page"}],"author":[{"embeddable":true,"href":"https:\/\/www.regionalgovernance.consulting\/index.php?rest_route=\/wp\/v2\/users\/1"}],"replies":[{"embeddable":true,"href":"https:\/\/www.regionalgovernance.consulting\/index.php?rest_route=%2Fwp%2Fv2%2Fcomments&post=110"}],"version-history":[{"count":6,"href":"https:\/\/www.regionalgovernance.consulting\/index.php?rest_route=\/wp\/v2\/pages\/110\/revisions"}],"predecessor-version":[{"id":407,"href":"https:\/\/www.regionalgovernance.consulting\/index.php?rest_route=\/wp\/v2\/pages\/110\/revisions\/407"}],"wp:attachment":[{"href":"https:\/\/www.regionalgovernance.consulting\/index.php?rest_route=%2Fwp%2Fv2%2Fmedia&parent=110"}],"curies":[{"name":"wp","href":"https:\/\/api.w.org\/{rel}","templated":true}]}}