{"id":88,"date":"2024-08-05T06:21:32","date_gmt":"2024-08-05T06:21:32","guid":{"rendered":"https:\/\/www.michaelfischer.consulting\/?page_id=88"},"modified":"2026-01-07T10:29:37","modified_gmt":"2026-01-07T10:29:37","slug":"referenzen","status":"publish","type":"page","link":"https:\/\/www.regionalgovernance.consulting\/?page_id=88","title":{"rendered":"Projekte"},"content":{"rendered":"\n\n\n<p>Regionen-Dialog-Plattform im Auftrag des BML<\/p>\n\n\n\n<p><a href=\"https:\/\/dafne.at\/projekte\/rhe-bund\">GoRegion: Die Gestaltungs- und Steuerungsrolle des Bundes f\u00fcr die regionale Handlungsebene (Regional Governance) in \u00d6sterreich \u2013 Erfahrungen, Bedarfspotenziale und m\u00f6gliche Angebote am Beispiel des Tourismus.<\/a> Forschungsarbeit im DaFNE Programm des BML <\/p>\n\n\n\n<p>Support to Economic Diversification of Rural Areas in Southeast Europe (SEDRA II) &#8211; Short Term Expert <\/p>\n\n\n\n<p>Sondierungsphase f\u00fcr eine \u00d6sterreich-Plattform zur regionalen Handlungsebene (Projektleitung). Im Auftrag von \u00d6AR und BMLRT<\/p>\n\n\n\n<p>Prozessbegleitung in der Erarbeitung der LEADER Lokalen Entwicklungsstrategien im Rahmen der GAP 2023-2027 f\u00fcr die Regionen Au\u00dferfern, Elsbeere Wienerwald, Thermenland-Wechselland, Nationalpark Hohe Tauern, Nord- und Mittelburgenland.<\/p>\n\n\n\n<p><a href=\"https:\/\/www.oerok.gv.at\/region\/aktuelle-themen\/regionale-handlungsebene\">\u201eRegionale Handlungsebene st\u00e4rken\u201c<\/a> \u2013 \u00d6ROK-Projekt zur regionalen Governance in \u00d6sterreich (Projektleitung im Auftrag der \u00d6AR)<\/p>\n\n\n\n<p><a href=\"https:\/\/www.smartrural21.eu\/\" target=\"_blank\" rel=\"noreferrer noopener\">Smart Village \u2013 Nationaler Experte im Rahmen des EU-Projekts \u201ePreparatory Action on Smart Rural Areas in the 21st Century\u201c<\/a><\/p>\n\n\n\n<p>Strategien f\u00fcr Regionen mit Bev\u00f6lkerungsr\u00fcckgang, Expertise f\u00fcr die gleichnamige \u00d6REK-Partnerschaft <\/p>\n\n\n\n<p>Einf\u00fchrung interkommunaler Planungs- und Entwicklungsinstrumente im Burgenland, Projektstudie <\/p>\n\n\n\n<p>Netzwerk Kulinarik, Interventionslogik und Monitoring<\/p>\n\n\n\n<p>A New Approach for Rural Development in Georgia, Aufbau einer LEADER-Region in der Gro\u00dfgemeinde Borjomi, Georgien<\/p>\n\n\n\n<p>Masterplan l\u00e4ndlicher Raum im Burgenland, partizipativer Strategieprozess<\/p>\n\n\n\n<p>Wirkungsorientierung in der Regionalentwicklung, Studie im Rahmen der \u00d6REK-Partnerschaft \u201cRegionale Handlungsebenen st\u00e4rken\u201d<\/p>\n\n\n\n<p>Evaluierung der Initiativen im Bereich Kulinarik im Rahmen des Programms LE07-13 <\/p>\n\n\n\n<p>Begleitung des Leitbildprozesses f\u00fcr die Region Oststeiermark <\/p>\n\n\n\n<p>Koordination der Ex-ante Evaluierung f\u00fcr das L\u00e4ndliche Entwicklungsprogramm 2014-2020<\/p>\n\n\n\n<p>Ausma\u00df und Wirkung von Beteiligungsprozessen in Lokalen Aktionsgruppen (LAG) 2007-2013, Studie <\/p>\n\n\n\n<p>Wirkungsforschung f\u00fcr die agrarische Bildung und Beratung in \u00d6sterreich, Evaluationsstudie (im Auftrag des \u00d6sterreichischen Instituts f\u00fcr Erwachsenenbildung &#8211; oieb)<\/p>\n","protected":false},"excerpt":{"rendered":"<p>Regionen-Dialog-Plattform im Auftrag des BML GoRegion: Die Gestaltungs- und Steuerungsrolle des Bundes f\u00fcr die regionale Handlungsebene (Regional Governance) in \u00d6sterreich \u2013 Erfahrungen, Bedarfspotenziale und m\u00f6gliche Angebote am Beispiel des Tourismus. Forschungsarbeit im DaFNE Programm des BML Support to Economic Diversification of Rural Areas in Southeast Europe (SEDRA II) &#8211; Short Term Expert Sondierungsphase f\u00fcr eine [&hellip;]<\/p>\n","protected":false},"author":1,"featured_media":0,"parent":0,"menu_order":0,"comment_status":"closed","ping_status":"closed","template":"page-referenzen-template","meta":{"saved_in_kubio":true,"footnotes":""},"class_list":["post-88","page","type-page","status-publish","hentry"],"kubio_ai_page_context":{"short_desc":"","purpose":"general"},"_links":{"self":[{"href":"https:\/\/www.regionalgovernance.consulting\/index.php?rest_route=\/wp\/v2\/pages\/88","targetHints":{"allow":["GET"]}}],"collection":[{"href":"https:\/\/www.regionalgovernance.consulting\/index.php?rest_route=\/wp\/v2\/pages"}],"about":[{"href":"https:\/\/www.regionalgovernance.consulting\/index.php?rest_route=\/wp\/v2\/types\/page"}],"author":[{"embeddable":true,"href":"https:\/\/www.regionalgovernance.consulting\/index.php?rest_route=\/wp\/v2\/users\/1"}],"replies":[{"embeddable":true,"href":"https:\/\/www.regionalgovernance.consulting\/index.php?rest_route=%2Fwp%2Fv2%2Fcomments&post=88"}],"version-history":[{"count":12,"href":"https:\/\/www.regionalgovernance.consulting\/index.php?rest_route=\/wp\/v2\/pages\/88\/revisions"}],"predecessor-version":[{"id":359,"href":"https:\/\/www.regionalgovernance.consulting\/index.php?rest_route=\/wp\/v2\/pages\/88\/revisions\/359"}],"wp:attachment":[{"href":"https:\/\/www.regionalgovernance.consulting\/index.php?rest_route=%2Fwp%2Fv2%2Fmedia&parent=88"}],"curies":[{"name":"wp","href":"https:\/\/api.w.org\/{rel}","templated":true}]}}